{"id":84,"date":"2018-03-28T17:44:00","date_gmt":"2018-03-28T16:44:00","guid":{"rendered":"http:\/\/lugano.netzobjekte.com\/?page_id=84"},"modified":"2023-09-27T08:43:35","modified_gmt":"2023-09-27T07:43:35","slug":"activ","status":"publish","type":"page","link":"https:\/\/www.nido-di-rondine.ch\/en\/activ","title":{"rendered":"Activities &#8211; Nido di Rondine"},"content":{"rendered":"<p><span id=\"result_box\" class=\"\" lang=\"en\"><span title=\"Bergwandern und Mountainbike \"><strong>Mountain hiking and mountain biking<\/strong><br \/>\n<\/span><span title=\"Ausgehend vom Haus beginnen mehrere Wanderwege rund um den Monte Br\u00e8 (925m) und weiter zum dahinter liegenden Berggipfel des Monte Boglia (1516m). \">Starting from the house several hiking trails start around the Monte Br\u00e8 (925m) and further to the mountain peak of Monte Boglia (1516m).<br \/>\n<\/span><span title=\"Die kurvige Stra\u00dfe zum Berggipfel wird von vielen Mountainbike-Fahrern genutzt \">The winding road to the mountain top is used by many mountain bike riders.<br \/>\n<span title=\"Aktuelle Fahrrad-Trails kann man man auf der Seite von www.trail.ch finden \">Current bike trails can be found on the site of <strong><a href=\"https:\/\/www.ride.ch\/de\/touren?term_node_tid_depth=1344\" target=\"_blank\" rel=\"noopener noreferrer\">www.trail.ch<\/a><\/strong><\/span><br \/>\n<\/span><\/span><\/p>\n<p>Tour-Tipp: <a href=\"https:\/\/reisememo.ch\/schweiz\/monte-generoso-rundwanderung\" target=\"_blank\" rel=\"noopener noreferrer\">Monte Generoso<\/a><\/p>\n<p><span id=\"result_box\" class=\"\" lang=\"it\"><strong><span class=\"\">Restaurants and bars<\/span><\/strong><br \/>\n<span class=\"\"><a href=\"https:\/\/www.facebook.com\/osteriafunicolare\/\" target=\"_blank\" rel=\"noopener noreferrer\">Osteria Funicolare Monte Br\u00e8<\/a> &#8211; <\/span><span id=\"result_box\" class=\"\" lang=\"en\"><span class=\"\">a beautiful little beer garden with fantastic views, directly at the mountain station of the Monte Br\u00e8 funicular<\/span><\/span><br \/>\n<span class=\"\"><a href=\"http:\/\/www.vetta.ch\/\" target=\"_blank\" rel=\"noopener noreferrer\">Ristorante Vetta Monte Br\u00e8<\/a> &#8211; <\/span><span id=\"result_box\" class=\"\" lang=\"en\"><span class=\"\">renovated and reopened restaurant, higher up on the summit of Monte Br\u00e8<\/span><\/span><br \/>\n<a href=\"https:\/\/piccolo-vigneto.ch\" target=\"_blank\" rel=\"noopener noreferrer\">Ristorante<\/a><a href=\"https:\/\/piccolo-vigneto.ch\" target=\"_blank\" rel=\"noopener noreferrer\"> Piccolo<\/a><a href=\"https:\/\/piccolo-vigneto.ch\" target=\"_blank\" rel=\"noopener noreferrer\"> Vigneto<\/a> &#8211; <span class=\"VIiyi\" lang=\"en\"><span class=\"JLqJ4b ChMk0b\" data-language-for-alternatives=\"en\" data-language-to-translate-into=\"de\" data-phrase-index=\"0\">in the middle of a small vineyard in Albonago on Monte Br\u00e8<\/span><\/span><br \/>\n<span class=\"\"><a href=\"https:\/\/www.facebook.com\/lalanchettalounge\/\" target=\"_blank\" rel=\"noopener noreferrer\">La Lanchetta Lounge Bar &#038; Pinsa<\/a> &#8211;\u00a0<span id=\"result_box\" class=\"\" lang=\"en\">nice little restaurant with bar in sight at the foot of the mountain and right on the lake.<br \/>\n<a href=\"http:\/\/anticaosteriadelporto.ch\" target=\"_blank\" rel=\"noopener\">Antica Osteria Del Porto<\/a> &#8211; Restaurant and lounge, right on the Cassarate estuary at the boat port. Under the large plane trees you can sit outside with a view of the lake, even in the hot summer.<br \/>\n<a href=\"https:\/\/ilfermento.ch\" target=\"_blank\" rel=\"noopener\">Il Fermento<\/a> &#8211; Restaurant and Birreria with its own brewery. On the Lago near the Piazza, worth a visit in any weather and especially in the evening.<br \/>\n<a href=\"https:\/\/www.martinicaffe.ch\/\" target=\"_blank\" rel=\"noopener\">Martini Lounge + Caff\u00e8<\/a> &#8211; <span class=\"HwtZe\" lang=\"en\"><span class=\"jCAhz ChMk0b\"><span class=\"ryNqvb\">small and cool lounge bar in Castgnola on the old part of the lake.<\/span><\/span><\/span><br \/>\n<a href=\"https:\/\/spaghettigastrogroup.com\/home\/caffe-caruso\/\" target=\"_blank\" rel=\"noopener\">Caff\u00e8 Caruso\u00a0 Italian Bar<\/a> &#8211; small bar with bistro in a corner of the Piazza Riforma, a bit away from the hustle and bustle and perfect for a nice time for two.<br \/>\n<\/span><\/span><\/span><\/p>\n<p><span id=\"result_box\" class=\"\" lang=\"en\"><span class=\"\"><a href=\"http:\/\/capannamontebar.casticino.ch\" target=\"_blank\" rel=\"noopener noreferrer\"><strong>Capanna Monte Bar<\/strong><\/a> (1600m) &#8220;Una casa per quattro stagioni&#8230;&#8221;<br \/>\nDestination for mountain hikes and refuge for hikers with incredible views to Italy. It&#8217;s a perfect day trip with an <span class=\"tlid-translation translation\" lang=\"en\"><span class=\"\" title=\"\">e-bike.<\/span><\/span><br \/>\n<\/span><\/span><\/p>\n<p><span title=\"Am Monte Tamaro, ca. 30 Minuten entfernt, gibt es ein riesiges Angebot f\u00fcr sportliche Aktivit\u00e4ten in den Bergen. \"><a href=\"http:\/\/www.montetamaro.ch\/en\" target=\"_blank\" rel=\"noopener noreferrer\"><strong>Monte Tamaro<\/strong><\/a> (1960m)<br \/>\n<span id=\"result_box\" class=\"\" lang=\"en\"><span class=\"\">By car about 30 minutes away, there is a large offer for activities in the mountains in the former winter sports area.<\/span> <span class=\"\">In good weather, the view extends to the Matterhorn.<\/span><\/span><br \/>\n<\/span><\/p>\n<p><span title=\"Wellness \"><strong>Wellness<\/strong><br \/>\n<\/span><span title=\"Tamaro Splash &#038; Spa ist ein sehr empfehlenswerter Ort, um Spa\u00df oder Ruhe gleicherma\u00dfen im Wasser zu finden, unabh\u00e4ngig vom Wetter und der Jahreszeit. \"><a href=\"http:\/\/www.splashespa.ch\/en\" target=\"_blank\" rel=\"noopener noreferrer\"><strong>Tamaro Splash &#038; Spa<\/strong><\/a> is a highly recommended place to find fun or tranquility alike in the water, regardless of the weather and season.<\/span><\/p>\n<p><span title=\"Shopping \"><strong>Shopping<\/strong><br \/>\n<\/span><span title=\"Lugano bietet viele Einkaufsm\u00f6glichkeiten aller Art. Man findet f\u00fcr praktisch f\u00fcr jeden Bedarf ein Fachgesch\u00e4ft, kann sich aber auch einfach nur durch die Stra\u00dfen der Altstadt treiben lassen und vom Angebot der vielen Boutiquen \u00fcberraschen lassen. \"><strong>Lugano<\/strong> offers many shopping possibilities of all kinds. You will find a shop for virtually every need, but you can also simply drift through the streets of the old town and be surprised by the offer of many boutiques.<\/span><\/p>\n<p><span title=\"In Mendrisio lockt mit Foxtown ein gigantisches Marken-Outlet, wo man von Luxusmarken bis kleinen Boutiquen alles unter einem Dach findet. \">In <strong>Mendrisio<\/strong>, <a href=\"http:\/\/www.foxtown.com\/\" target=\"_blank\" rel=\"noopener noreferrer\"><strong>Foxtown<\/strong> <\/a>attracts a gigantic brand outlet, where everything from luxury brands to small boutiques finds everything under one roof.<\/span><\/p>\n<p><span title=\"Luganer See \"><strong>Lake Lugano<\/strong><br \/>\n<\/span><span title=\"Der See bietet eine lange Promenade und gro\u00dfen Park, vergn\u00fcgliche Tretboote, ein gro\u00dfes Strandbad mit angeschlossenem Freibad und M\u00f6glichkeiten f\u00fcr Wassersport mit Segelbooten, Winsurfen oder Stand-Up Paddling. \">The lake offers a long promenade and large park, fun paddle boats, a large beach with attached outdoor pool and opportunities for water sports with sailing boats, windsurfing or stand-up paddling.<br \/>\nBeach <strong><a href=\"https:\/\/www.ticino.ch\/en\/commons\/details\/Lido-di-Lugano\/1501.html\" target=\"_blank\" rel=\"noopener noreferrer\">Lido di Lugano<\/a><\/strong><br \/>\n<\/span><\/p>\n<p><span title=\"Ausflugsziele \"><strong>Attractions<\/strong><br \/>\n<\/span><span title=\"Monte Br\u00e8, Monte Boglia \"><a href=\"http:\/\/www.montebre.ch\/\" target=\"_blank\" rel=\"noopener noreferrer\"><strong>Monte Br\u00e8<\/strong><\/a>, <strong>Monte Boglia<\/strong><br \/>\n<\/span><span title=\"Monte San Salvatore, der \"><a href=\"http:\/\/www.montesansalvatore.ch\/\" target=\"_blank\" rel=\"noopener noreferrer\"><strong>Monte San Salvatore<\/strong><\/a>, the &#8220;sugarloaf&#8221; of Lugano<br \/>\n<span title=\"Monte Generoso (CH, 1704m), seit 2017 wieder er\u00f6ffnet f\u00fcr Besucher.\"><a href=\"https:\/\/www.montegeneroso.ch\/\" target=\"_blank\" rel=\"noopener noreferrer\"><strong>Monte Generoso<\/strong><\/a> (CH, 1704m), reopened to visitors since 2017 offers <\/span><span title=\"\">&#8220;Panorama, architecture and nature&#8221;<\/span><br \/>\n<a href=\"https:\/\/www.cardada.ch\" target=\"_blank\" rel=\"noopener noreferrer\"><strong>Monte Cimetta \/ Cardada<\/strong><\/a> spectacular view over Lake Maggiore until the Monte Rosa<br \/>\n<a href=\"https:\/\/www.ticino.ch\/en\/itineraries\/details\/The-Via-del-Ferro-in-Morobbia-Valley\/139294.html\" target=\"_blank\" rel=\"noopener noreferrer\"><strong>Via del Ferro<\/strong><\/a> in Morobbia Valley<br \/>\n<\/span><\/p>\n<p><span title=\"Mailand - ist nur 1,5 Stunden entfernt \"><strong>Milan<\/strong> &#8211; is only 1.5 hours away<br \/>\n<\/span><span title=\"Bellinzona, die Kantonshauptstadt des Tessins mit beeindruckenden Burganlagen \"><strong>Bellinzona<\/strong>, the capital of Ticino with impressive castles<br \/>\n<\/span><\/p>\n<p><span title=\"Locarno \/ Ascona am tessiner Zipfel des Lagio Maggiore \"><strong>Locarno \/ Ascona<\/strong> on the Ticino tip of the Lagio Maggiore<br \/>\n<\/span><span title=\"Verzasca Tal mit wildromantischem Wildbach, Badem\u00f6glichkeiten und romantsichen Grottos beginnt gleich hinter Ascona mit der beeindruckenden Staumauer, bekannt aus dem James Bond Film \"><a href=\"https:\/\/www.ascona-locarno.com\/en\/Esplora\/Valle-Verzasca.html\" target=\"_blank\" rel=\"noopener noreferrer\"><strong>Verzasca valley<\/strong><\/a> with wildly romantic torrent, bathing opportunities and Roman grottos starts just behind Ascona with the impressive dam wall, famous for the James Bond movie &#8220;Golden Eye&#8221;.<br \/>\n<\/span><\/p>\n<p><span title=\"Gro\u00dfer Wochenmarkt jeden Mittwoch in Luino (IT) am Lago Maggiore \">Big weekly market every Wednesday in <strong>Luino<\/strong> (IT) on lake Lago Maggiore<br \/>\n<\/span><\/p>\n<p><span title=\"Como und der Comer See (IT) \"><strong>Como<\/strong> and Lake Como (IT)<br \/>\n<span id=\"result_box\" class=\"\" lang=\"en\"><span class=\"\"><a href=\"http:\/\/www.comoanditslake.com\/villabalbianello.htm\" target=\"_blank\" rel=\"noopener noreferrer\"><strong>Villa Balbianello<\/strong><\/a> in Lenno on Lake Como<\/span><br \/>\n<span class=\"\">Movie location of Star Wars &#8220;Episode 2&#8221; and James Bond &#8220;Casino Royale&#8221;<\/span><\/span><br \/>\n<\/span><\/p>\n<p><span title=\"Gandria, das ehemalige Fischer und Schmugglerdorf kurz vor der italienischen Grenze am Luganer See.\"><strong>Gandria<\/strong>, the former fisherman and smugglers&#8217; village just before the Italian border on Lake Lugano. <\/span><span title=\"Vom Fu\u00df des Monte Br\u00e8 \u00fcber einen sch\u00f6nen Wanderweg am See entlang zu erreichen.\">From the foot of Monte Br\u00e8 you can reach it via a beautiful path along the lake.<\/span><\/p>\n<p><span title=\"Eine Bushaltestelle mit Direktverbindung ins Zentrum von Lugano (Fahrplan) befindet sich ganz in der N\u00e4he\">Bus stop with direct connection to the center of Lugano (<strong><a href=\"http:\/\/www.tplsa.ch\/15\/12\/newa-linee-orari-linea-12.html\" target=\"_blank\" rel=\"noopener noreferrer\">timetable<\/a><\/strong>)<\/span><\/p>\n","protected":false},"excerpt":{"rendered":"<p>Mountain hiking and mountain biking Starting from the house several hiking trails start around the Monte Br\u00e8 (925m) and further to the mountain peak of Monte Boglia (1516m). The winding road to the mountain top is used by many mountain bike riders. Current bike trails can be found on the site of www.trail.ch Tour-Tipp: Monte &hellip; <\/p>\n<p class=\"link-more\"><a href=\"https:\/\/www.nido-di-rondine.ch\/en\/activ\" class=\"more-link\">Continue reading<span class=\"screen-reader-text\"> &#8220;Activities &#8211; Nido di Rondine&#8221;<\/span><\/a><\/p>\n","protected":false},"author":1,"featured_media":0,"parent":0,"menu_order":60,"comment_status":"closed","ping_status":"closed","template":"","meta":{"footnotes":""},"class_list":["post-84","page","type-page","status-publish","hentry"],"aioseo_notices":[],"_links":{"self":[{"href":"https:\/\/www.nido-di-rondine.ch\/en\/wp-json\/wp\/v2\/pages\/84","targetHints":{"allow":["GET"]}}],"collection":[{"href":"https:\/\/www.nido-di-rondine.ch\/en\/wp-json\/wp\/v2\/pages"}],"about":[{"href":"https:\/\/www.nido-di-rondine.ch\/en\/wp-json\/wp\/v2\/types\/page"}],"author":[{"embeddable":true,"href":"https:\/\/www.nido-di-rondine.ch\/en\/wp-json\/wp\/v2\/users\/1"}],"replies":[{"embeddable":true,"href":"https:\/\/www.nido-di-rondine.ch\/en\/wp-json\/wp\/v2\/comments?post=84"}],"version-history":[{"count":2,"href":"https:\/\/www.nido-di-rondine.ch\/en\/wp-json\/wp\/v2\/pages\/84\/revisions"}],"predecessor-version":[{"id":1369,"href":"https:\/\/www.nido-di-rondine.ch\/en\/wp-json\/wp\/v2\/pages\/84\/revisions\/1369"}],"wp:attachment":[{"href":"https:\/\/www.nido-di-rondine.ch\/en\/wp-json\/wp\/v2\/media?parent=84"}],"curies":[{"name":"wp","href":"https:\/\/api.w.org\/{rel}","templated":true}]}}