{"id":84,"date":"2018-03-28T17:44:00","date_gmt":"2018-03-28T16:44:00","guid":{"rendered":"http:\/\/lugano.netzobjekte.com\/?page_id=84"},"modified":"2023-09-27T08:43:35","modified_gmt":"2023-09-27T07:43:35","slug":"activ","status":"publish","type":"page","link":"https:\/\/www.nido-di-rondine.ch\/fr\/activ","title":{"rendered":"Activit\u00e9s &#8211; Nido di Rondine"},"content":{"rendered":"<p><span id=\"result_box\" class=\"\" lang=\"fr\"><span title=\"Bergwandern und Mountainbike \"><strong>Randonn\u00e9e en montagne et VTT<\/strong><br \/>\n<\/span><span title=\"Ausgehend vom Haus beginnen mehrere Wanderwege rund um den Monte Br\u00e8 (925m) und weiter zum dahinter liegenden Berggipfel des Monte Boglia (1516m). \">\u00c0 partir de la maison, plusieurs sentiers de randonn\u00e9e commencent autour du Monte Br\u00e8 (925m) et plus loin au sommet du Monte Boglia (1516m).<br \/>\n<\/span><span title=\"Die kurvige Stra\u00dfe zum Berggipfel wird von vielen Mountainbike-Fahrern genutzt \">La route sinueuse jusqu&rsquo;au sommet de la montagne est utilis\u00e9e par de nombreux cyclistes.<br \/>\n<span title=\"Aktuelle Fahrrad-Trails kann man man auf der Seite von www.trail.ch finden \">Les pistes cyclables actuelles peuvent \u00eatre trouv\u00e9es sur le site <strong><a href=\"https:\/\/www.ride.ch\/de\/touren?term_node_tid_depth=1344\" target=\"_blank\" rel=\"noopener noreferrer\">www.trail.ch<\/a><\/strong><\/span><br \/>\n<\/span><\/span><\/p>\n<p>Tour-Tipp: <a href=\"https:\/\/reisememo.ch\/schweiz\/monte-generoso-rundwanderung\" target=\"_blank\" rel=\"noopener noreferrer\">Monte Generoso<\/a><\/p>\n<p><span id=\"result_box\" class=\"\" lang=\"it\"><strong><span class=\"\">Restaurants et bars<\/span><\/strong><br \/>\n<span class=\"\"><a href=\"https:\/\/www.facebook.com\/osteriafunicolare\/\" target=\"_blank\" rel=\"noopener noreferrer\">Osteria Funicolare Monte Br\u00e8<\/a> &#8211; <\/span><span id=\"result_box\" class=\"\" lang=\"fr\"><span class=\"\">un beau petit caf\u00e9 en plein air avec des vues fantastiques, directement \u00e0 la station de montagne du funiculaire du Monte Br\u00e8<\/span><\/span><br \/>\n<span class=\"\"><a href=\"http:\/\/www.vetta.ch\/\" target=\"_blank\" rel=\"noopener noreferrer\">Ristorante Vetta Monte Br\u00e8<\/a> &#8211; <\/span><span id=\"result_box\" class=\"\" lang=\"fr\"><span class=\"\">le restaurant r\u00e9nov\u00e9 et rouvert, plus haut au sommet du Monte Br\u00e8<\/span><\/span><br \/>\n<a href=\"https:\/\/piccolo-vigneto.ch\" target=\"_blank\" rel=\"noopener noreferrer\">Ristorante<\/a><a href=\"https:\/\/piccolo-vigneto.ch\" target=\"_blank\" rel=\"noopener noreferrer\"> Piccolo<\/a><a href=\"https:\/\/piccolo-vigneto.ch\" target=\"_blank\" rel=\"noopener noreferrer\"> Vigneto<\/a> &#8211; <span class=\"VIiyi\" lang=\"fr\"><span class=\"JLqJ4b ChMk0b\" data-language-for-alternatives=\"fr\" data-language-to-translate-into=\"de\" data-phrase-index=\"0\">au milieu d&rsquo;un petit vignoble \u00e0 Albonago sur le Monte Br\u00e8<\/span><\/span><br \/>\n<span class=\"\"><a href=\"https:\/\/www.facebook.com\/lalanchettalounge\/\" target=\"_blank\" rel=\"noopener noreferrer\">La Lanchetta Lounge Bar &#038; Pinsa<\/a> &#8211; <span id=\"result_box\" class=\"\" lang=\"fr\">joli petit restaurant avec bar en vue au pied de la montagne et au bord du lac.<\/span><br \/>\n<a href=\"http:\/\/anticaosteriadelporto.ch\" target=\"_blank\" rel=\"noopener\">Antica Osteria Del Porto<\/a> &#8211; Restaurant et salon, directement sur l&rsquo;estuaire de Cassarate au port de plaisance. Sous les grands platanes, vous pouvez vous asseoir dehors avec vue sur le lac, m\u00eame en \u00e9t\u00e9 chaud.<br \/>\n<a href=\"https:\/\/ilfermento.ch\" target=\"_blank\" rel=\"noopener\">Il Fermento<\/a> &#8211; Restaurant et Birreria avec sa propre brasserie. Sur le Lago pr\u00e8s de la Piazza, m\u00e9rite une visite par tous les temps et surtout le soir.<br \/>\n<a href=\"https:\/\/www.martinicaffe.ch\/\" target=\"_blank\" rel=\"noopener\">Martini Lounge + Caff\u00e8<\/a> &#8211; petit et cool bar lounge \u00e0 Castgnola sur la partie ancienne du lac.<br \/>\n<a href=\"https:\/\/spaghettigastrogroup.com\/home\/caffe-caruso\/\" target=\"_blank\" rel=\"noopener\">Caff\u00e8 Caruso\u00a0 Italian Bar<\/a> &#8211; petit bar avec bistrot dans un coin de la Piazza Riforma, un peu \u00e0 l&rsquo;\u00e9cart de l&rsquo;agitation et parfait pour passer un bon moment \u00e0 deux.<br \/>\n<\/span><\/span><\/p>\n<p><a href=\"http:\/\/capannamontebar.casticino.ch\" target=\"_blank\" rel=\"noopener noreferrer\"><strong>Capanna Monte Bar<\/strong><\/a> (1600m) \u00ab\u00a0Una casa per quattro stagioni&#8230;\u00a0\u00bb<br \/>\n<span id=\"result_box\" class=\"\" lang=\"fr\"><span class=\"\">Destination pour des randonn\u00e9es en montagne et un abri pour les randonneurs avec des vues incroyables vers l&rsquo;Italie. <span class=\"tlid-translation translation\" lang=\"fr\"><span class=\"\" title=\"\">Avec le v\u00e9lo \u00e9lectrique, une excursion \u00e0 la Capanna est une journ\u00e9e parfaite.<\/span><\/span><br \/>\n<\/span><\/span><\/p>\n<p><span title=\"Am Monte Tamaro, ca. 30 Minuten entfernt, gibt es ein riesiges Angebot f\u00fcr sportliche Aktivit\u00e4ten in den Bergen. \"><a href=\"http:\/\/www.montetamaro.ch\/fr\" target=\"_blank\" rel=\"noopener noreferrer\"><strong>Monte Tamaro<\/strong><\/a> (1960m)<br \/>\n<span id=\"result_box\" class=\"\" lang=\"fr\">En voiture, \u00e0 environ 30 minutes, il y a une grande offre pour les activit\u00e9s dans les montagnes dans l&rsquo;ancienne zone de sports d&rsquo;hiver. <span class=\"\">Par beau temps, la vue s&rsquo;\u00e9tend jusqu&rsquo;au Cervin.<\/span><\/span><br \/>\n<\/span><\/p>\n<p><span title=\"Wellness \"><strong>Bien-\u00eatre<\/strong><br \/>\n<\/span><span title=\"Tamaro Splash &#038; Spa ist ein sehr empfehlenswerter Ort, um Spa\u00df oder Ruhe gleicherma\u00dfen im Wasser zu finden, unabh\u00e4ngig vom Wetter und der Jahreszeit. \"><a href=\"http:\/\/www.splashespa.ch\/fr\" target=\"_blank\" rel=\"noopener noreferrer\"><strong>Tamaro Splash &#038; Spa<\/strong><\/a> est un endroit hautement recommand\u00e9 pour trouver le plaisir ou la tranquillit\u00e9 dans l&rsquo;eau, quel que soit le temps et la saison.<\/span><\/p>\n<p><span title=\"Shopping \"><strong>Shopping<\/strong><br \/>\n<\/span><span title=\"Lugano bietet viele Einkaufsm\u00f6glichkeiten aller Art. Man findet f\u00fcr praktisch f\u00fcr jeden Bedarf ein Fachgesch\u00e4ft, kann sich aber auch einfach nur durch die Stra\u00dfen der Altstadt treiben lassen und vom Angebot der vielen Boutiquen \u00fcberraschen lassen. \"><strong>Lugano<\/strong> offre de nombreuses possibilit\u00e9s de shopping, vous trouverez un magasin pour presque tous les besoins, mais vous pouvez aussi d\u00e9river dans les rues de la vieille ville et \u00eatre surpris par l&rsquo;offre de nombreuses boutiques.<\/span><\/p>\n<p><span title=\"In Mendrisio lockt mit Foxtown ein gigantisches Marken-Outlet, wo man von Luxusmarken bis kleinen Boutiquen alles unter einem Dach findet. \">\u00c0 <strong>Mendrisio<\/strong>, <a href=\"http:\/\/www.foxtown.com\/\" target=\"_blank\" rel=\"noopener noreferrer\"><strong>Foxtown<\/strong> <\/a>attire une gigantesque marque, o\u00f9 tout, des marques de luxe aux petites boutiques, trouve tout sous un m\u00eame toit.<\/span><\/p>\n<p><span title=\"Luganer See \"><strong>Lac de Lugano<\/strong><br \/>\n<\/span><span title=\"Der See bietet eine lange Promenade und gro\u00dfen Park, vergn\u00fcgliche Tretboote, ein gro\u00dfes Strandbad mit angeschlossenem Freibad und M\u00f6glichkeiten f\u00fcr Wassersport mit Segelbooten, Winsurfen oder Stand-Up Paddling. \">Le lac offre une longue promenade et un grand parc, des p\u00e9dalos amusants, une grande plage avec piscine ext\u00e9rieure attenante et des possibilit\u00e9s de sports nautiques avec des bateaux \u00e0 voile, de la planche \u00e0 voile ou du stand-up paddle.<br \/>\nPlage <strong><a href=\"https:\/\/www.ticino.ch\/fr\/commons\/details\/Lido-di-Lugano\/1501.html\" target=\"_blank\" rel=\"noopener noreferrer\">Lido di Lugano<\/a><\/strong><br \/>\n<\/span><\/p>\n<p><span title=\"Ausflugsziele \"><strong>Attractions<\/strong>:<br \/>\n<\/span><span title=\"Monte Br\u00e8, Monte Boglia \"><strong><a href=\"http:\/\/www.montebre.ch\/\" target=\"_blank\" rel=\"noopener noreferrer\">Monte Br\u00e8<\/a>, Monte Boglia<\/strong><br \/>\n<\/span><span title=\"Monte San Salvatore, der \"><a href=\"http:\/\/www.montesansalvatore.ch\/\" target=\"_blank\" rel=\"noopener noreferrer\"><strong>Monte San Salvatore<\/strong><\/a>, le \u00ab\u00a0pain de sucre\u00a0\u00bb de Lugano<br \/>\n<span title=\"Monte Generoso (CH, 1704m), seit 2017 wieder er\u00f6ffnet f\u00fcr Besucher.\"><a href=\"https:\/\/www.montegeneroso.ch\/\" target=\"_blank\" rel=\"noopener noreferrer\"><strong>Monte Generoso<\/strong><\/a> (CH, 1704m), rouvert aux visiteurs depuis 2017 et offre <\/span><span title=\"\">\u00ab\u00a0Panorama, architecture et nature\u00a0\u00bb<br \/>\n<a href=\"https:\/\/www.cardada.ch\/fr\" target=\"_blank\" rel=\"noopener noreferrer\"><strong>Monte Cimetta \/ Cardada<\/strong><\/a> <span class=\"tlid-translation translation\" lang=\"fr\"><span class=\"\" title=\"\">vues spectaculaires sur le Lago Maggiore et le massif du Mont Rose, accessibles en t\u00e9l\u00e9ph\u00e9rique<\/span><\/span><br \/>\n<a href=\"https:\/\/www.ticino.ch\/fr\/itineraries\/details\/Die-Via-del-Ferro-im-Morobbiatal\/139294.html\" target=\"_blank\" rel=\"noopener noreferrer\"><strong>Via del Ferro<\/strong><\/a> dans la Val Morobbia<br \/>\n<\/span><\/span><\/p>\n<p><span title=\"Mailand - ist nur 1,5 Stunden entfernt \"><strong>Milan<\/strong> &#8211; est \u00e0 seulement une heure et demie<br \/>\n<\/span><span title=\"Bellinzona, die Kantonshauptstadt des Tessins mit beeindruckenden Burganlagen \"><strong>Bellinzona<\/strong>, la capitale du canton du Tessin avec des ch\u00e2teaux impressionnants<br \/>\n<\/span><\/p>\n<p><span title=\"Locarno \/ Ascona am tessiner Zipfel des Lagio Maggiore \"><strong>Locarno \/ Ascona<\/strong> \u00e0 la pointe du Tessin du Lagio Maggiore<br \/>\n<\/span><span title=\"Verzasca Tal mit wildromantischem Wildbach, Badem\u00f6glichkeiten und romantsichen Grottos beginnt gleich hinter Ascona mit der beeindruckenden Staumauer, bekannt aus dem James Bond Film \">La <a href=\"https:\/\/www.ascona-locarno.com\/fr\/Esplora\/Valle-Verzasca.html\" target=\"_blank\" rel=\"noopener noreferrer\"><strong>Valle Verzasca<\/strong><\/a> avec son torrent sauvage et romantique, ses possibilit\u00e9s de baignade et ses grottes romaines commence juste derri\u00e8re Ascona avec l&rsquo;impressionnant mur de barrage, <span id=\"result_box\" class=\"\" lang=\"fr\"><span class=\"\">c\u00e9l\u00e8bre pour le film de James Bond \u00ab\u00a0Golden Eye\u00a0\u00bb<\/span><\/span>.<br \/>\n<\/span><span title=\"Gro\u00dfer Wochenmarkt jeden Mittwoch in Luino (IT) am Lago Maggiore \">Grand march\u00e9 hebdomadaire tous les mercredis \u00e0 <strong>Luino<\/strong> (IT) sur le lac Majeur<br \/>\n<\/span><\/p>\n<p><span title=\"Como und der Comer See (IT) \"><strong>Como<\/strong> et le lac de C\u00f4me (IT)<br \/>\n<strong><a href=\"http:\/\/www.comoeilsuolago.it\/villabalbianello.htm\" target=\"_blank\" rel=\"noopener noreferrer\">Villa Balbaniello<\/a><\/strong>\u00a0 en Lenno <span id=\"result_box\" class=\"\" lang=\"fr\"><span class=\"\">sur le lac de C\u00f4me<\/span><br \/>\n<span class=\"\">Lieu de tournage du film<\/span> <span class=\"\">Star Wars \u00ab\u00a0Episode 2\u00a0\u00bb et James Bond \u00ab\u00a0Casino Royale\u00a0\u00bb<\/span><\/span><br \/>\n<\/span><\/p>\n<p><span title=\"Gandria, das ehemalige Fischer und Schmugglerdorf kurz vor der italienischen Grenze am Luganer See.\"><strong>Gandria<\/strong>, l&rsquo;ancien village de p\u00eacheurs et de contrebandiers juste avant la fronti\u00e8re italienne sur le lac de Lugano. <\/span><span title=\"Vom Fu\u00df des Monte Br\u00e8 \u00fcber einen sch\u00f6nen Wanderweg am See entlang zu erreichen.\">Du pied de Monte Br\u00e8 vous pouvez l&rsquo;atteindre par un beau chemin le long du lac.<\/span><\/p>\n<p><span title=\"Eine Bushaltestelle mit Direktverbindung ins Zentrum von Lugano (Fahrplan) befindet sich ganz in der N\u00e4he\">Arr\u00eat de bus avec une connexion directe au centre de Lugano (<strong><a href=\"http:\/\/www.tplsa.ch\/15\/12\/newa-linee-orari-linea-12.html\" target=\"_blank\" rel=\"noopener noreferrer\">horaires<\/a><\/strong>)<br \/>\n<\/span><\/p>\n","protected":false},"excerpt":{"rendered":"<p>Randonn\u00e9e en montagne et VTT \u00c0 partir de la maison, plusieurs sentiers de randonn\u00e9e commencent autour du Monte Br\u00e8 (925m) et plus loin au sommet du Monte Boglia (1516m). La route sinueuse jusqu&rsquo;au sommet de la montagne est utilis\u00e9e par de nombreux cyclistes. Les pistes cyclables actuelles peuvent \u00eatre trouv\u00e9es sur le site www.trail.ch Tour-Tipp: &hellip; <\/p>\n<p class=\"link-more\"><a href=\"https:\/\/www.nido-di-rondine.ch\/fr\/activ\" class=\"more-link\">Continuer la lecture<span class=\"screen-reader-text\"> de &laquo;&nbsp;Activit\u00e9s &#8211; Nido di Rondine&nbsp;&raquo;<\/span><\/a><\/p>\n","protected":false},"author":1,"featured_media":0,"parent":0,"menu_order":60,"comment_status":"closed","ping_status":"closed","template":"","meta":{"footnotes":""},"class_list":["post-84","page","type-page","status-publish","hentry"],"aioseo_notices":[],"_links":{"self":[{"href":"https:\/\/www.nido-di-rondine.ch\/fr\/wp-json\/wp\/v2\/pages\/84","targetHints":{"allow":["GET"]}}],"collection":[{"href":"https:\/\/www.nido-di-rondine.ch\/fr\/wp-json\/wp\/v2\/pages"}],"about":[{"href":"https:\/\/www.nido-di-rondine.ch\/fr\/wp-json\/wp\/v2\/types\/page"}],"author":[{"embeddable":true,"href":"https:\/\/www.nido-di-rondine.ch\/fr\/wp-json\/wp\/v2\/users\/1"}],"replies":[{"embeddable":true,"href":"https:\/\/www.nido-di-rondine.ch\/fr\/wp-json\/wp\/v2\/comments?post=84"}],"version-history":[{"count":2,"href":"https:\/\/www.nido-di-rondine.ch\/fr\/wp-json\/wp\/v2\/pages\/84\/revisions"}],"predecessor-version":[{"id":1369,"href":"https:\/\/www.nido-di-rondine.ch\/fr\/wp-json\/wp\/v2\/pages\/84\/revisions\/1369"}],"wp:attachment":[{"href":"https:\/\/www.nido-di-rondine.ch\/fr\/wp-json\/wp\/v2\/media?parent=84"}],"curies":[{"name":"wp","href":"https:\/\/api.w.org\/{rel}","templated":true}]}}