{"id":800,"date":"2018-05-08T14:44:47","date_gmt":"2018-05-08T13:44:47","guid":{"rendered":"http:\/\/www.nido-di-rondine.ch\/it\/?page_id=800"},"modified":"2018-06-07T11:04:53","modified_gmt":"2018-06-07T10:04:53","slug":"datenschutz","status":"publish","type":"page","link":"https:\/\/www.nido-di-rondine.ch\/it\/datenschutz","title":{"rendered":"Datenschutz"},"content":{"rendered":"<p>Diese Datenschutzerkl\u00e4rung gibt Informationen \u00fcber die Art, den Umfang und Zweck der Verarbeitung von personenbezogenen Daten innerhalb dieser Webseite.<\/p>\n<h2>Arten der verarbeiteten Daten<\/h2>\n<p>&#8211; Nutzungsdaten (z.B. besuchte Webseiten, Zugriffszeiten, Ger\u00e4te-Informationen, IP-Adressen)<\/p>\n<h2>Zweck der Verarbeitung<\/h2>\n<p>&#8211; Bereitstellung der Webseite,\u00a0 Sicherheitsma\u00dfnahmen,\u00a0 Nutzungsanalyse<\/p>\n<h2>Rechte von betroffenen Personen<\/h2>\n<p>Betroffene Personen haben das Recht auf Information dar\u00fcber, ob betreffende Daten verarbeitet werden und auf Auskunft \u00fcber diese Daten sowie auf Kopie der Daten.<br \/>\nSie haben das Recht zu verlangen, dass die sie betreffenden Daten vervollst\u00e4ndigt, berichtigt, gel\u00f6scht oder alternativ eingeschr\u00e4nkt werden.<\/p>\n<h2>Widerruf und Widerspruch<\/h2>\n<p>Sie haben das Recht, erteilte Einwilligungen mit Wirkung f\u00fcr die Zukunft zu widerrufen. Sie k\u00f6nnen der k\u00fcnftigen Verarbeitung der Sie betreffenden Daten jederzeit widersprechen.<\/p>\n<h2>Cookies<\/h2>\n<p>&#8220;Cookies&#8221; sind Dateien, die beim Besuch der Webseite auf dem daf\u00fcr genutzten Ger\u00e4t des Nutzers im verwendeten Browser gespeichert werden k\u00f6nnen. Cookies k\u00f6nnen sowohl tempor\u00e4r, und damit ausschlie\u00dflich w\u00e4hrend der aktiven Nutzung der Webseite, vorhanden sein als auch permanent dar\u00fcber hinaus gespeichert werden.<br \/>\nCookies enthalten Angaben, die sowohl zur Nutzung der Webseite grunds\u00e4tzlich erforderlich sein k\u00f6nnen als auch zus\u00e4tzlich zur Vereinfachung der Nutzung beitragen k\u00f6nnen (z.B. Wiedererkennung des Nutzers). Wir setzen in der Regel nur tempor\u00e4re Cookies ein.<br \/>\nFalls Sie generell nicht m\u00f6chten, dass Cookies auf ihrem Rechner gespeichert werden, m\u00fcssen Sie die entsprechende Option in den Systemeinstellungen ihres Browsers nutzen. Gespeicherte Cookies k\u00f6nnen ebenfalls in den Systemeinstellungen des Browsers gel\u00f6scht werden.<\/p>\n<h2>Hosting, Zugriffsdaten und Logfiles<\/h2>\n<p>Die von uns in Anspruch genommenen Hosting-Leistungen durch Dritte dienen der technischen Bereitstellung der Webseite in einem deutschen Rechenzentrum. Hierbei erheben und verarbeiten wir bzw. unser Hostinganbieter technische Nutzungs- und Metadaten von Besuchern beim Aufruf der Webseite. Dazu geh\u00f6ren Name der abgerufenen Webseite, Dateiname, Datum und Uhrzeit des Abrufs, \u00fcbertragene Datenmenge, Statusmeldungen der \u00dcbertragung, Browsertyp und Version, genutztes Betriebssystem, URL der zuvor besuchten Seite, IP-Adresse des Endger\u00e4ts und der genutzte Internet-Provider. Diese Logfile-Informationen werden aus Sicherheitsgr\u00fcnden (z.B. zur Aufkl\u00e4rung von Missbrauchs- oder Betrugshandlungen) f\u00fcr eine begrenzte Dauer gespeichert und turnusm\u00e4\u00dfig automatisch gel\u00f6scht. Daten, deren weitere Aufbewahrung zu Beweiszwecken erforderlich ist, sind bis zur endg\u00fcltigen Kl\u00e4rung des jeweiligen Vorfalls von der L\u00f6schung ausgenommen.<\/p>\n<h2>Analyse mit Matomo (ehemals Piwik)<\/h2>\n<p>Die Webseite nutzt zur Besucheranalyse das Matomo System das auf dem lokalen Webserver der Webseite installiert ist. Die damit erfassten Daten werden ausschlie\u00dflich lokal verarbeitet und nicht an Dritte weitergegeben. Erfasst werden: der verwendete Browsertyp und Version, verwendete Betriebssystem, Herkunftsland, Datum und Uhrzeit der Serveranfrage, die Verweildauer auf der Website sowie die dabei aufgerufenen externen Links. Die IP-Adressen der Nutzer werden anonymisiert, bevor sie gespeichert werden. Matomo erzeugt dabei Cookies die auf dem Computer der Nutzer gespeichert werden und nur zur Analyse der Benutzung der Webseite genutzt werden.<br \/>\nNutzer k\u00f6nnen auf dem jeweils verwendeten Ger\u00e4t der anonymisierten Datenerhebung durch Matomo jederzeit widersprechen, indem sie auf den untenstehenden Link klicken. Damit wird im dabei verwendeten Browser ein sog. Opt-Out-Cookie abgelegt, sodass Matomo bei Nutzung dieses Browsers und Ger\u00e4ts keinerlei Sitzungsdaten mehr erhebt. Wenn im Browser die Cookies gel\u00f6scht werden hat dies jedoch zur Folge, dass auch das Opt-Out-Cookie gel\u00f6scht wird und daher ggfs. erneut aktiviert werden muss.<\/p>\n<h2>Status<\/h2>\n<p><iframe loading=\"lazy\" src=\"http:\/\/pw.bayer-edv.de\/index.php?module=CoreAdminHome&#038;action=optOut&#038;language=de\" width=\"400\" height=\"150\" data-mce-fragment=\"1\"><span style=\"display: inline-block; width: 0px; overflow: hidden; line-height: 0;\" data-mce-type=\"bookmark\" class=\"mce_SELRES_start\">\ufeff<\/span><\/iframe><\/p>\n<p>Zusammenarbeit mit Auftragsverarbeitern und Dritten<strong><br \/>\n<\/strong><\/p>\n<p>Sofern wir im Rahmen unserer Verarbeitung Daten anderen Personen und Unternehmen \u00fcbermitteln oder Zugriff darauf gew\u00e4hren, erfolgt dies nur auf Grundlage einer gesetzlichen Erlaubnis, vorliegenden Einwilligung, rechtlicher Verpflichtung oder auf Grundlage unserer berechtigten Interessen. Sofern wir Dritte mit der Verarbeitung von Daten auf Grundlage eines sog. &#8220;Auftragsverarbeitungsvertrages&#8221; beauftragen, geschieht dies auf Grundlage des Art. 28 DSGVO.<\/p>\n<h2>L\u00f6schung von Daten<\/h2>\n<p>Sofern nicht im Rahmen dieser Erkl\u00e4rung ausdr\u00fccklich angegeben, werden die bei uns gespeicherten Daten gel\u00f6scht, sobald sie f\u00fcr ihren bestimmten Zweck nicht mehr erforderlich sind und der L\u00f6schung keine gesetzlichen Aufbewahrungspflichten entgegenstehen. Sofern die Daten nicht gel\u00f6scht werden, weil sie noch f\u00fcr andere und gesetzlich zul\u00e4ssige Zwecke erforderlich sind, wird deren Verarbeitung eingeschr\u00e4nkt, d.h. gesperrt und nicht f\u00fcr andere Zwecke verarbeitet.<\/p>\n<h2>Einbindung von Diensten und Inhalten Dritter<\/h2>\n<p>Wir k\u00f6nnen innerhalb der Website Inhalts- oder Serviceangebote von Drittanbietern einsetzen, um deren Inhalte und Services, wie z.B. Videos oder Schriftarten, einzubinden. Dies kann bewirken, dass die Drittanbieter dieser Inhalte, die IP-Adresse der Besucher erhalten, <span class=\"sd-muster-content\">weil die IP-Adresse f\u00fcr die Darstellung dieser Inhalte erforderlich ist<\/span>.<\/p>\n<h2>Einbindung von Inhalten von Google<\/h2>\n<p>In der Webseite werden Schriftarten des Anbieters Google genutzt. Au\u00dferdem l\u00f6nnen Landkarten des Kartendienstes von Google Maps eingebunden sein.<\/p>\n<p>Die dabei verarbeiteten Daten sind die IP-Adresse und, je nach Einstellung des verwendeten Endger\u00e4ts, die Standortdaten. Die Daten k\u00f6nnten in einem Drittland au\u00dferhalb der EU verarbeitet werden.<\/p>\n<p>Adresse:<br \/>\nGoogle LLC, 1600 Amphitheatre Parkway, Mountain View, CA 94043, USA,<br \/>\nGoogle Datenschutzerkl\u00e4rung: https:\/\/www.google.com\/policies\/privacy\/<br \/>\nOpt-Out: https:\/\/adssettings.google.com\/authenticated.<\/p>\n","protected":false},"excerpt":{"rendered":"<p>Diese Datenschutzerkl\u00e4rung gibt Informationen \u00fcber die Art, den Umfang und Zweck der Verarbeitung von personenbezogenen Daten innerhalb dieser Webseite. Arten der verarbeiteten Daten &#8211; Nutzungsdaten (z.B. besuchte Webseiten, Zugriffszeiten, Ger\u00e4te-Informationen, IP-Adressen) Zweck der Verarbeitung &#8211; Bereitstellung der Webseite,\u00a0 Sicherheitsma\u00dfnahmen,\u00a0 Nutzungsanalyse Rechte von betroffenen Personen Betroffene Personen haben das Recht auf Information dar\u00fcber, ob betreffende Daten &hellip; <\/p>\n<p class=\"link-more\"><a href=\"https:\/\/www.nido-di-rondine.ch\/it\/datenschutz\" class=\"more-link\">Leggi tutto<span class=\"screen-reader-text\"> &#8220;Datenschutz&#8221;<\/span><\/a><\/p>\n","protected":false},"author":1,"featured_media":0,"parent":0,"menu_order":0,"comment_status":"closed","ping_status":"closed","template":"","meta":{"footnotes":""},"class_list":["post-800","page","type-page","status-publish","hentry"],"aioseo_notices":[],"_links":{"self":[{"href":"https:\/\/www.nido-di-rondine.ch\/it\/wp-json\/wp\/v2\/pages\/800","targetHints":{"allow":["GET"]}}],"collection":[{"href":"https:\/\/www.nido-di-rondine.ch\/it\/wp-json\/wp\/v2\/pages"}],"about":[{"href":"https:\/\/www.nido-di-rondine.ch\/it\/wp-json\/wp\/v2\/types\/page"}],"author":[{"embeddable":true,"href":"https:\/\/www.nido-di-rondine.ch\/it\/wp-json\/wp\/v2\/users\/1"}],"replies":[{"embeddable":true,"href":"https:\/\/www.nido-di-rondine.ch\/it\/wp-json\/wp\/v2\/comments?post=800"}],"version-history":[{"count":2,"href":"https:\/\/www.nido-di-rondine.ch\/it\/wp-json\/wp\/v2\/pages\/800\/revisions"}],"predecessor-version":[{"id":865,"href":"https:\/\/www.nido-di-rondine.ch\/it\/wp-json\/wp\/v2\/pages\/800\/revisions\/865"}],"wp:attachment":[{"href":"https:\/\/www.nido-di-rondine.ch\/it\/wp-json\/wp\/v2\/media?parent=800"}],"curies":[{"name":"wp","href":"https:\/\/api.w.org\/{rel}","templated":true}]}}