{"id":84,"date":"2018-03-28T17:44:00","date_gmt":"2018-03-28T16:44:00","guid":{"rendered":"http:\/\/lugano.netzobjekte.com\/?page_id=84"},"modified":"2023-09-27T08:43:35","modified_gmt":"2023-09-27T07:43:35","slug":"activ","status":"publish","type":"page","link":"https:\/\/www.nido-di-rondine.ch\/it\/activ","title":{"rendered":"Attivit\u00e0 &#8211; Nido di Rondine"},"content":{"rendered":"<p><span id=\"result_box\" class=\"\" lang=\"it\"><span title=\"Bergwandern und Mountainbike \"><strong>Escursioni in montagna e in mountain bike<\/strong><br \/>\n<\/span><span title=\"Ausgehend vom Haus beginnen mehrere Wanderwege rund um den Monte Br\u00e8 (925m) und weiter zum dahinter liegenden Berggipfel des Monte Boglia (1516m). \">In prossimit\u00e0 della casa partono numerosi sentieri escursionistici attorno al Monte Br\u00e8 (925 m) e oltre la cima del Monte Boglia (1516 m).<br \/>\n<\/span><span title=\"Die kurvige Stra\u00dfe zum Berggipfel wird von vielen Mountainbike-Fahrern genutzt \">La strada tortuosa verso la cima della montagna \u00e8 utilizzata da molti ciclisti appassionati di mountain bike.<br \/>\n<span title=\"Aktuelle Fahrrad-Trails kann man man auf der Seite von www.trail.ch finden \">Le piste ciclabili attuali sono disponibili sul sito <strong><a href=\"https:\/\/www.ride.ch\/de\/touren?term_node_tid_depth=1344\" target=\"_blank\" rel=\"noopener noreferrer\">www.trail.ch<\/a><\/strong><\/span><br \/>\n<\/span><\/span><\/p>\n<p>Tour-Tipp: <a href=\"https:\/\/reisememo.ch\/schweiz\/monte-generoso-rundwanderung\" target=\"_blank\" rel=\"noopener noreferrer\">Monte Generoso<\/a><\/p>\n<p><span id=\"result_box\" class=\"\" lang=\"it\"><strong><span class=\"\">Ristoranti e bar<\/span><\/strong><br \/>\n<span class=\"\"><a href=\"https:\/\/www.facebook.com\/osteriafunicolare\/\" target=\"_blank\" rel=\"noopener noreferrer\">Osteria Funicolare Monte Br\u00e8<\/a> &#8211; una bella birreria all&#8217;aperto con vista fantastica, direttamente presso la stazione a monte della funicolare del Monte Br\u00e8<\/span><br \/>\n<span class=\"\"><a href=\"http:\/\/www.vetta.ch\/\" target=\"_blank\" rel=\"noopener noreferrer\">Ristorante Vetta Monte Br\u00e8<\/a> &#8211; il ristorante rinnovato e riaperto, pi\u00f9 in alto sulla cima del Monte Br\u00e8<\/span><br \/>\n<a href=\"https:\/\/piccolo-vigneto.ch\" target=\"_blank\" rel=\"noopener noreferrer\">Ristorante<\/a><a href=\"https:\/\/piccolo-vigneto.ch\" target=\"_blank\" rel=\"noopener noreferrer\"> Piccolo<\/a><a href=\"https:\/\/piccolo-vigneto.ch\" target=\"_blank\" rel=\"noopener noreferrer\"> Vigneto<\/a> &#8211; nel mezzo di un piccolo vigneto ad Albonago sul Monte Br\u00e8<br \/>\n<span class=\"\"><a href=\"https:\/\/www.facebook.com\/lalanchettalounge\/\" target=\"_blank\" rel=\"noopener noreferrer\">La Lanchetta Lounge Bar &#038; Pinsa<\/a> &#8211; bel ristorantino con bar in vista ai piedi della montagna e direttamente sul lago.<br \/>\n<a href=\"http:\/\/anticaosteriadelporto.ch\" target=\"_blank\" rel=\"noopener\">Antica Osteria Del Porto<\/a> &#8211; Ristorante e lounge, proprio sull&#8217;estuario del Cassarate al porto delle barche. Sotto i grandi platani ci si pu\u00f2 sedere all&#8217;aperto con vista lago, anche nella calda estate.<br \/>\n<a href=\"https:\/\/ilfermento.ch\" target=\"_blank\" rel=\"noopener\">Il Fermento<\/a> &#8211; Ristorante e Birreria con proprio birrificio. Sul Lago vicino alla Piazza, merita una visita con qualsiasi tempo e soprattutto la sera.<br \/>\n<a href=\"https:\/\/www.martinicaffe.ch\/\" target=\"_blank\" rel=\"noopener\">Martini Lounge + Caff\u00e8<\/a> &#8211; piccolo e cool lounge bar a Castgnola sulla parte vecchia del lago.<br \/>\n<a href=\"https:\/\/spaghettigastrogroup.com\/home\/caffe-caruso\/\" target=\"_blank\" rel=\"noopener\">Caff\u00e8 Caruso\u00a0 Italian Bar<\/a> &#8211; piccolo bar con bistrot in un angolo di Piazza Riforma, un po&#8217; fuori dal caos e perfetto per una bella serata a due.<br \/>\n<\/span><\/span><\/p>\n<p><a href=\"http:\/\/capannamontebar.casticino.ch\" target=\"_blank\" rel=\"noopener noreferrer\"><strong>Capanna Monte Bar<\/strong><\/a> (1600m) &#8220;Una casa per quattro stagioni&#8230;&#8221;<br \/>\n<span id=\"result_box\" class=\"\" lang=\"it\"><span class=\"\">Destinazione per escursioni in montagna e rifugio per escursionisti con viste incredibili verso l&#8217;Italia. <span class=\"tlid-translation translation\" lang=\"it\"><span class=\"\" title=\"\">Con l&#8217;e-bike, un tour alla Capanna \u00e8 una gita di un giorno perfetto.<\/span><\/span><br \/>\n<\/span><\/span><\/p>\n<p><span title=\"Am Monte Tamaro, ca. 30 Minuten entfernt, gibt es ein riesiges Angebot f\u00fcr sportliche Aktivit\u00e4ten in den Bergen. \"><a href=\"http:\/\/www.montetamaro.ch\" target=\"_blank\" rel=\"noopener noreferrer\"><strong>Monte Tamaro<\/strong><\/a> (1960m)<br \/>\n<span id=\"result_box\" class=\"\" lang=\"it\"><span class=\"\">In auto a circa 30 minuti di distanza, c&#8217;\u00e8 una grande offerta per le attivit\u00e0 in montagna nella ex area di sport invernali.<\/span> <span class=\"\">Con il bel tempo, la vista si estende fino al Cervino.<\/span><\/span><br \/>\n<\/span><\/p>\n<p><span title=\"Wellness \"><strong>Benessere<\/strong><br \/>\n<\/span><span title=\"Tamaro Splash &#038; Spa ist ein sehr empfehlenswerter Ort, um Spa\u00df oder Ruhe gleicherma\u00dfen im Wasser zu finden, unabh\u00e4ngig vom Wetter und der Jahreszeit. \"><a href=\"http:\/\/www.splashespa.ch\" target=\"_blank\" rel=\"noopener noreferrer\"><strong>Tamaro Splash &#038; Spa<\/strong><\/a> \u00e8 un luogo altamente raccomandato per divertirsi nell\u2019acqua e trovare relax indipendentemente dal tempo e dalla stagione<br \/>\n<\/span><\/p>\n<p><span title=\"Shopping \"><strong>Shopping<\/strong><br \/>\n<\/span><span title=\"Lugano bietet viele Einkaufsm\u00f6glichkeiten aller Art. Man findet f\u00fcr praktisch f\u00fcr jeden Bedarf ein Fachgesch\u00e4ft, kann sich aber auch einfach nur durch die Stra\u00dfen der Altstadt treiben lassen und vom Angebot der vielen Boutiquen \u00fcberraschen lassen. \"><strong>Lugano<\/strong> offre numerosi negozi di ogni genere. Si trova praticamente di tutto, vi sono negozi specializzati per ogni tipo di esigenza. \u00c8 davvero piacevole passeggiare attraverso le vie del centro storico, anche senza fare acquisti si possono guardarele vetrine delle numerose boutique e percorrere le strade dove il pubbblico va a passeggiare.<\/span><\/p>\n<p><span title=\"In Mendrisio lockt mit Foxtown ein gigantisches Marken-Outlet, wo man von Luxusmarken bis kleinen Boutiquen alles unter einem Dach findet. \">A <strong>Mendrisio<\/strong> c&#8217;\u00e8 il <a href=\"http:\/\/www.foxtown.com\/\" target=\"_blank\" rel=\"noopener noreferrer\"><strong>Foxtown<\/strong><\/a> il pi\u00f9 grande Factory Stores del sud Europa dove si pu\u00f2 trovare di tutto, dai marchi di lusso alle piccole boutique, sotto lo stesso tetto.<br \/>\n<\/span><\/p>\n<p><span title=\"Luganer See \"><strong>Lago di Lugano<\/strong><br \/>\n<\/span><span title=\"Der See bietet eine lange Promenade und gro\u00dfen Park, vergn\u00fcgliche Tretboote, ein gro\u00dfes Strandbad mit angeschlossenem Freibad und M\u00f6glichkeiten f\u00fcr Wassersport mit Segelbooten, Winsurfen oder Stand-Up Paddling. \">Il lago offre una lunga passeggiata e un grande parco, divertenti pedal\u00f2, una grande spiaggia con annessa piscina all&#8217;aperto e opportunit\u00e0 per gli sport acquatici con barche a vela, windsurf o stand-up paddle.<br \/>\nSpiaggia <strong><a href=\"https:\/\/www.ticino.ch\/it\/commons\/details\/Lido-di-Lugano\/1501.html\" target=\"_blank\" rel=\"noopener noreferrer\">Lido di Lugano<\/a><\/strong><br \/>\n<\/span><\/p>\n<p><span title=\"Ausflugsziele \"><strong>Attrazioni<\/strong>:<br \/>\n<\/span><span title=\"Monte Br\u00e8, Monte Boglia \"><a href=\"http:\/\/www.montebre.ch\/\" target=\"_blank\" rel=\"noopener noreferrer\"><strong>Monte Br\u00e8<\/strong><\/a>, Monte Boglia<br \/>\n<\/span><span title=\"Monte San Salvatore, der \"><a href=\"http:\/\/www.montesansalvatore.ch\/\" target=\"_blank\" rel=\"noopener noreferrer\"><strong>Monte San Salvatore<\/strong><\/a>, il &#8220;pan di zucchero&#8221; di Lugano<br \/>\n<span title=\"Monte Generoso (CH, 1704m), seit 2017 wieder er\u00f6ffnet f\u00fcr Besucher.\"><a href=\"https:\/\/www.montegeneroso.ch\/\" target=\"_blank\" rel=\"noopener noreferrer\"><strong>Monte Generoso<\/strong><\/a> (CH, 1704m), <\/span><span title=\"\"><span id=\"result_box\" class=\"\" lang=\"it\"><span class=\"\">riaperto ai visitatori dal 2017 e offre &#8220;Panorama, architettura e natura&#8221;<br \/>\n<a href=\"https:\/\/www.cardada.ch\/it\" target=\"_blank\" rel=\"noopener noreferrer\"><strong>Monte Cimetta \/ Cardada<\/strong><\/a> <span class=\"tlid-translation translation\" lang=\"it\"><span class=\"\" title=\"\">vista spettacolare sul Lago Maggiore e fino al massiccio del Monte Rosa, raggiungibile con la funivia<\/span><\/span><br \/>\n<a href=\"https:\/\/www.ticino.ch\/it\/itineraries\/details\/Die-Via-del-Ferro-im-Morobbiatal\/139294.html\" target=\"_blank\" rel=\"noopener noreferrer\"><strong>Via del Ferro<\/strong><\/a> in Valle Morobbia<br \/>\n<\/span><\/span><\/span><\/span><\/p>\n<p><span title=\"Mailand - ist nur 1,5 Stunden entfernt \"><strong>Milano<\/strong> &#8211; \u00e8 solo 1,5 ore di distanza<br \/>\n<\/span><span title=\"Bellinzona, die Kantonshauptstadt des Tessins mit beeindruckenden Burganlagen \"><strong>Bellinzona<\/strong>, la capitale del Canton Ticino con imponenti castelli<\/span><\/p>\n<p><span title=\"Locarno \/ Ascona am tessiner Zipfel des Lagio Maggiore \"><strong>Locarno \/ Ascona<\/strong> sulla punta ticinese del Lagio Maggiore<br \/>\n<\/span><span title=\"Verzasca Tal mit wildromantischem Wildbach, Badem\u00f6glichkeiten und romantsichen Grottos beginnt gleich hinter Ascona mit der beeindruckenden Staumauer, bekannt aus dem James Bond Film \">La <a href=\"https:\/\/www.ascona-locarno.com\/it\/Esplora\/Valle-Verzasca.html\" target=\"_blank\" rel=\"noopener noreferrer\"><strong>valle della Verzasca<\/strong><\/a> con un torrente selvaggiamente romantico, opportunit\u00e0 di balneazione e grotte romane inizia proprio dietro Ascona con l&#8217;imponente diga, famosa per il film &#8220;Golden Eye&#8221; di James Bond.<br \/>\n<\/span><span title=\"Gro\u00dfer Wochenmarkt jeden Mittwoch in Luino (IT) am Lago Maggiore \">Grande mercato settimanale ogni mercoledi a <strong>Luino<\/strong> (IT) sul Lago Maggiore<br \/>\n<\/span><\/p>\n<p><span title=\"Como und der Comer See (IT) \"><strong>Como<\/strong> e Lago di Como (IT)<br \/>\n<strong><a href=\"http:\/\/www.dercomersee.com\/villabalbianello.htm\" target=\"_blank\" rel=\"noopener noreferrer\">Villa Balbaniello<\/a><\/strong>\u00a0 in Lenno sul Lago di Como<br \/>\n<span id=\"result_box\" class=\"\" lang=\"it\"><span class=\"\">Ubicazione del film di<\/span><\/span> Star Wars &#8220;Episode 2&#8221; e James Bond &#8220;Casino Royale&#8221;<br \/>\n<\/span><\/p>\n<p><span title=\"Gandria, das ehemalige Fischer und Schmugglerdorf kurz vor der italienischen Grenze am Luganer See.\"><strong>Gandria<\/strong>, l&#8217;ex villaggio di pescatori e contrabbandieri poco prima del confine italiano sul Lago di Lugano. <\/span><span title=\"Vom Fu\u00df des Monte Br\u00e8 \u00fcber einen sch\u00f6nen Wanderweg am See entlang zu erreichen.\">Dai piedi del Monte Br\u00e8 si pu\u00f2 raggiungere attraverso un bellissimo sentiero lungo il lago.<\/span><\/p>\n<p><span title=\"Eine Bushaltestelle mit Direktverbindung ins Zentrum von Lugano (Fahrplan) befindet sich ganz in der N\u00e4he\">Fermata dell&#8217;autobus con collegamento diretto al centro di Lugano (<strong><a href=\"http:\/\/www.tplsa.ch\/15\/12\/newa-linee-orari-linea-12.html\" target=\"_blank\" rel=\"noopener noreferrer\">orario<\/a><\/strong>)<\/span><\/p>\n","protected":false},"excerpt":{"rendered":"<p>Escursioni in montagna e in mountain bike In prossimit\u00e0 della casa partono numerosi sentieri escursionistici attorno al Monte Br\u00e8 (925 m) e oltre la cima del Monte Boglia (1516 m). La strada tortuosa verso la cima della montagna \u00e8 utilizzata da molti ciclisti appassionati di mountain bike. Le piste ciclabili attuali sono disponibili sul sito &hellip; <\/p>\n<p class=\"link-more\"><a href=\"https:\/\/www.nido-di-rondine.ch\/it\/activ\" class=\"more-link\">Leggi tutto<span class=\"screen-reader-text\"> &#8220;Attivit\u00e0 &#8211; Nido di Rondine&#8221;<\/span><\/a><\/p>\n","protected":false},"author":1,"featured_media":0,"parent":0,"menu_order":60,"comment_status":"closed","ping_status":"closed","template":"","meta":{"footnotes":""},"class_list":["post-84","page","type-page","status-publish","hentry"],"aioseo_notices":[],"_links":{"self":[{"href":"https:\/\/www.nido-di-rondine.ch\/it\/wp-json\/wp\/v2\/pages\/84","targetHints":{"allow":["GET"]}}],"collection":[{"href":"https:\/\/www.nido-di-rondine.ch\/it\/wp-json\/wp\/v2\/pages"}],"about":[{"href":"https:\/\/www.nido-di-rondine.ch\/it\/wp-json\/wp\/v2\/types\/page"}],"author":[{"embeddable":true,"href":"https:\/\/www.nido-di-rondine.ch\/it\/wp-json\/wp\/v2\/users\/1"}],"replies":[{"embeddable":true,"href":"https:\/\/www.nido-di-rondine.ch\/it\/wp-json\/wp\/v2\/comments?post=84"}],"version-history":[{"count":2,"href":"https:\/\/www.nido-di-rondine.ch\/it\/wp-json\/wp\/v2\/pages\/84\/revisions"}],"predecessor-version":[{"id":1369,"href":"https:\/\/www.nido-di-rondine.ch\/it\/wp-json\/wp\/v2\/pages\/84\/revisions\/1369"}],"wp:attachment":[{"href":"https:\/\/www.nido-di-rondine.ch\/it\/wp-json\/wp\/v2\/media?parent=84"}],"curies":[{"name":"wp","href":"https:\/\/api.w.org\/{rel}","templated":true}]}}